{"id":9906,"date":"2014-09-15T10:08:18","date_gmt":"2014-09-15T08:08:18","guid":{"rendered":"https:\/\/www.vodnaagencija.org\/vodnapostaja\/"},"modified":"2019-07-24T22:16:08","modified_gmt":"2019-07-24T20:16:08","slug":"vodnapostaja","status":"publish","type":"page","link":"https:\/\/vodnaagencija.org\/en\/vodnapostaja\/","title":{"rendered":"WATER STATIONS"},"content":{"rendered":"<p>[et_pb_section bb_built=&#8221;1&#8243; admin_label=&#8221;Page Header&#8221; fullwidth=&#8221;on&#8221; next_background_color=&#8221;#ffffff&#8221; _builder_version=&#8221;3.19.18&#8243; parallax=&#8221;on&#8221; background_video_mp4=&#8221;https:\/\/vodnaagencija.org\/wp-content\/uploads\/video\/vodna-postaja4.mp4&#8243;][et_pb_fullwidth_header admin_label=&#8221;Hero Section&#8221; title=&#8221;WATER STATIONS&#8221; text_orientation=&#8221;center&#8221; header_fullscreen=&#8221;on&#8221; scroll_down_icon_size=&#8221;48px&#8221; button_one_url=&#8221;#&#8221; button_two_url=&#8221;#&#8221; _builder_version=&#8221;3.19.18&#8243; title_font=&#8221;Roboto|700|||||||&#8221; title_font_size=&#8221;60px&#8221; title_line_height=&#8221;1.4em&#8221; content_font_size=&#8221;40px&#8221; content_line_height=&#8221;1.8em&#8221; subhead_font=&#8221;||||&#8221; subhead_text_align=&#8221;center&#8221; subhead_font_size=&#8221;40px&#8221; background_color=&#8221;rgba(12,113,195,0.01)&#8221; custom_button_two=&#8221;on&#8221; button_two_text_size=&#8221;16px&#8221; button_two_border_color=&#8221;#ffffff&#8221; button_two_border_radius=&#8221;0&#8243; button_two_letter_spacing=&#8221;2&#8243; button_two_font=&#8221;Montserrat|||on|&#8221; button_two_use_icon=&#8221;off&#8221; custom_button_one=&#8221;on&#8221; button_one_text_size=&#8221;16px&#8221; button_one_bg_color=&#8221;#6eba01&#8243; button_one_border_color=&#8221;#6eba01&#8243; button_one_border_radius=&#8221;0&#8243; button_one_letter_spacing=&#8221;2&#8243; button_one_font=&#8221;Montserrat|||on|&#8221; button_one_use_icon=&#8221;off&#8221; module_alignment=&#8221;left&#8221; animation_style=&#8221;fade&#8221; button_one_text_color_hover=&#8221;#6eba01&#8243; button_two_text_color_hover=&#8221;#6eba01&#8243; button_one_border_color_hover=&#8221;#ffffff&#8221; button_two_border_color_hover=&#8221;#ffffff&#8221; button_one_border_radius_hover=&#8221;0&#8243; button_two_border_radius_hover=&#8221;0&#8243; button_one_letter_spacing_hover=&#8221;2&#8243; button_two_letter_spacing_hover=&#8221;2&#8243; button_one_bg_color_hover=&#8221;#ffffff&#8221; button_two_bg_color_hover=&#8221;#ffffff&#8221;]<\/p>\n<p>&nbsp;<\/p>\n<p>&nbsp;<\/p>\n<p>[\/et_pb_fullwidth_header][\/et_pb_section][et_pb_section bb_built=&#8221;1&#8243; prev_background_color=&#8221;#000000&#8243; _builder_version=&#8221;3.0.47&#8243;][et_pb_row gutter_width=&#8221;1&#8243; _builder_version=&#8221;3.19.18&#8243; background_color=&#8221;#498bc1&#8243; background_image=&#8221;https:\/\/vodnaagencija.org\/wp-content\/uploads\/2019\/03\/air-bubbles.jpg&#8221; make_fullwidth=&#8221;on&#8221; use_custom_gutter=&#8221;on&#8221; parallax=&#8221;on&#8221;][et_pb_column type=&#8221;4_4&#8243;][et_pb_text _builder_version=&#8221;3.19.18&#8243; text_orientation=&#8221;center&#8221; background_layout=&#8221;dark&#8221; text_text_shadow_style=&#8221;preset5&#8243; text_font_size=&#8221;30px&#8221; custom_padding=&#8221;10px||10px&#8221; \/][\/et_pb_column][\/et_pb_row][\/et_pb_section]<\/p>\n","protected":false},"excerpt":{"rendered":"<p>[et_pb_section bb_built=&#8221;1&#8243; admin_label=&#8221;Page Header&#8221; fullwidth=&#8221;on&#8221; next_background_color=&#8221;#ffffff&#8221; _builder_version=&#8221;3.19.18&#8243; parallax=&#8221;on&#8221; background_video_mp4=&#8221;https:\/\/vodnaagencija.org\/wp-content\/uploads\/video\/vodna-postaja4.mp4&#8243;][et_pb_fullwidth_header admin_label=&#8221;Hero Section&#8221; title=&#8221;WATER STATIONS&#8221; text_orientation=&#8221;center&#8221; header_fullscreen=&#8221;on&#8221; scroll_down_icon_size=&#8221;48px&#8221; button_one_url=&#8221;#&#8221; button_two_url=&#8221;#&#8221; _builder_version=&#8221;3.19.18&#8243; title_font=&#8221;Roboto|700|||||||&#8221; title_font_size=&#8221;60px&#8221; title_line_height=&#8221;1.4em&#8221; content_font_size=&#8221;40px&#8221; content_line_height=&#8221;1.8em&#8221; subhead_font=&#8221;||||&#8221; subhead_text_align=&#8221;center&#8221; subhead_font_size=&#8221;40px&#8221; background_color=&#8221;rgba(12,113,195,0.01)&#8221; custom_button_two=&#8221;on&#8221; button_two_text_size=&#8221;16px&#8221; button_two_border_color=&#8221;#ffffff&#8221; button_two_border_radius=&#8221;0&#8243; button_two_letter_spacing=&#8221;2&#8243; button_two_font=&#8221;Montserrat|||on|&#8221; button_two_use_icon=&#8221;off&#8221; custom_button_one=&#8221;on&#8221; button_one_text_size=&#8221;16px&#8221; button_one_bg_color=&#8221;#6eba01&#8243; button_one_border_color=&#8221;#6eba01&#8243; button_one_border_radius=&#8221;0&#8243; button_one_letter_spacing=&#8221;2&#8243; button_one_font=&#8221;Montserrat|||on|&#8221; button_one_use_icon=&#8221;off&#8221; module_alignment=&#8221;left&#8221; animation_style=&#8221;fade&#8221; button_one_text_color_hover=&#8221;#6eba01&#8243; button_two_text_color_hover=&#8221;#6eba01&#8243; button_one_border_color_hover=&#8221;#ffffff&#8221; button_two_border_color_hover=&#8221;#ffffff&#8221; button_one_border_radius_hover=&#8221;0&#8243; button_two_border_radius_hover=&#8221;0&#8243; button_one_letter_spacing_hover=&#8221;2&#8243; button_two_letter_spacing_hover=&#8221;2&#8243; button_one_bg_color_hover=&#8221;#ffffff&#8221; button_two_bg_color_hover=&#8221;#ffffff&#8221;] [&hellip;]<\/p>\n","protected":false},"author":4,"featured_media":2963,"parent":0,"menu_order":0,"comment_status":"open","ping_status":"closed","template":"","meta":{"_et_pb_use_builder":"on","_et_pb_old_content":"<p align=\"center\"><strong><span style=\"font-size: medium;\">Umre\u017eavanje i uspostavljanje medjunarodne komunikacije kroz ekolo\u0161ki projekat Vodni agent<\/span><\/strong><\/p>\r\n<p align=\"center\"><b>\u00a0<\/b><b>\u041ep\u0161ti cilj:<\/b><\/p>\r\n<p align=\"center\">Uspostavljanje medjunarodne saradnje, povezivanje dece i umre\u017eavanje \u0161kola kroz podsticanje na promi\u0161ljanje svojih uobi\u010dajenih i svakodnevnih postupaka i sugerisanje na promene pona\u0161anja u pravcu racionalne potro\u0161nje vode.<\/p>\r\n<p style=\"text-align: center;\">\u00a0<b>Specifi\u010dni ciljevi<\/b>:<\/p>\r\n<p>Uvodjenje direktnog nadzora potro\u0161nje vode \u010dime se pokre\u0107e proces racionalizacije potro\u0161nje vode u\u00a0 \u0161kolama\u00a0 i vrti\u0107ima<\/p>\r\n<p>Predstavljenje delovanja uredjaja za pre\u010di\u0161\u0107avanje otpadnih voda odnosno smanjenja \u0161tetnih materija osposobljavanja za povratak u prirodu<\/p>\r\n<p>Povezivanje aplikacijom koja omogu\u0107ava uvid u potro\u0161nju i stvara mogu\u0107nost medjunarodne komunikacije<\/p>\r\n<p style=\"text-align: center;\">\u00a0<b>Ciljna grupa:<\/b><\/p>\r\n<p style=\"text-align: left;\"><b><a href=\"https:\/\/vodnaagencija.org\/wp-content\/uploads\/2014\/08\/vodni-agenti11-e1408456075936.jpg\"><img class=\"size-medium wp-image-641 aligncenter\" alt=\"vodni agenti\" src=\"https:\/\/vodnaagencija.org\/wp-content\/uploads\/2014\/08\/vodni-agenti11-300x150.jpg\" width=\"300\" height=\"150\" \/><\/a><\/b><\/p>\r\n<p>\u00a0<\/p>\r\n<p>Deca \u0161kolskog i pred\u0161kolskog uzrasta, kao ciljna grupa su veoma prijem\u010diva za saradnju.<\/p>\r\n<p>Edukacijom i osve\u0161\u0107ivanjem dece stvaramo budu\u0107e odrasle ljude sa ve\u0107 formiranom sve\u0161\u0107u o vodi kao prirodnom dobru koje nije neiscrpno a strate\u0161ki je zna\u010dajno i neophodno za opstanak ljudske vrste ali i \u010ditave planete. Edukovanjem dece uti\u010demo i na njihovo neposredno okru\u017eenje\u2002te tako indirektno obrazujemo takore\u0107i \u010ditavu lokalnu zajednicu.<\/p>\r\n<p style=\"text-align: center;\"><b>Aktivnosti:<\/b><\/p>\r\n<p>\u00a0Ciljeve planiramo ostvariti kroz aktivnosti:<\/p>\r\n<p>-\u00a0\u00a0\u00a0\u00a0\u00a0 \u00a0edukacije u\u00a0 zainteresovanim \u0161kolama\u00a0<\/p>\r\n<p>-\u00a0\u00a0\u00a0\u00a0\u00a0 pra\u0107enja potro\u0161nje vode<\/p>\r\n<p>-\u00a0\u00a0\u00a0\u00a0\u00a0 evidentiranja podataka<\/p>\r\n<p>-\u00a0\u00a0\u00a0\u00a0\u00a0 i analize podataka \u010dime dobijamo referentnu jedinicu kojom bismo pratili ostale postupke kako projekat bude odmicao i pro\u0161irivao se po \u0161kolama i vrti\u0107ima u drugim op\u0161tinama i regijama.<\/p>\r\n<p><a href=\"https:\/\/vodnaagencija.org\/wp-content\/uploads\/2013\/06\/1470131_562440107161179_1018934232_n3.jpg\"><img class=\"alignnone size-medium wp-image-590 aligncenter\" alt=\"1470131_562440107161179_1018934232_n\" src=\"https:\/\/vodnaagencija.org\/wp-content\/uploads\/2013\/06\/1470131_562440107161179_1018934232_n3-234x300.jpg\" width=\"234\" height=\"300\" \/><\/a><\/p>\r\n<p>\u00a0Pra\u0107enje potro\u0161nje je postupak kori\u0161\u0107enja mernog uredjaja koji se instalira direktno na slavinu i o\u010ditava protok vode. Uz\u00a0 edukaciju i prikupljanje podataka neophodne su i aktivnosti dizajniranja i \u0161tampanja slikovnica, flajera i mernih postera, bed\u017eeva a za naju\u0161pe\u0161niji vrti\u0107 i \u0161kolu \u0161tampati zastavu kojom se obele\u017eavaju \u0161kole Vodni agenti. Sav \u0161tampani materijal, obra\u0107anja javnosti i kontakti s medijima bi\u0107e propra\u0107eni i informacijama i oznakama donatora i partnera.<\/p>\r\n<p>Aktivnost edukacije prilagodjena je uzrastu odnosno postoje\u0107em znanju ste\u010denom dotada\u0161njim \u0161kolovanjem i obuhvata teoretski i prakti\u010dni deo. Teoretski deo su interaktivna predavanja u formi razgovora sa decom, kviza, prezentacije i uop\u0161teno razgovora.<\/p>\r\n<p>Prakti\u010dni deo aktivnosti su kreativne radionice na temu vode, \u0161irokog spektra podtema odnosno aspekata na kojima mo\u017eemo govoriti o vodi. Tehnike su raznolike, prilagodjene uzrastu.<\/p>\r\n<p>\u010citav projekat treba da prati i izvesna medijska pa\u017enja.<\/p>\r\n<p>\u00a0<img class=\"wp-image-560 aligncenter\" style=\"line-height: 1.5em;\" alt=\"Kopija od spletna aplikacija Vodni agent\" src=\"https:\/\/vodnaagencija.org\/wp-content\/uploads\/2013\/06\/Kopija-od-spletna-aplikacija-Vodni-agent-300x216.jpg\" width=\"270\" height=\"194\" \/><\/p>\r\n<p style=\"text-align: center;\"><b>Projekat Vodni agent<\/b><\/p>\r\n<p><b> <\/b>omogu\u0107ava povezivanje dece \u0161kolskog i pred\u0161kolskog uzrasta oko teme racionalne potro\u0161nje pija\u0107e vode i energetske efikasnosti izazavane istom. Vrednosti (reultati ) projekta<\/p>\r\n<p style=\"text-align: center;\"><b>\u00a0Vodni agent<\/b> :<\/p>\r\n<p>-\u00a0\u00a0\u00a0\u00a0\u00a0\u00a0\u00a0\u00a0\u00a0 Uspostavljena komunikacija dece unutar samog razreda, razvijanje ose\u0107aja za rad u timovima i pozicioniranje lidera;<\/p>\r\n<p>-\u00a0\u00a0\u00a0\u00a0\u00a0\u00a0\u00a0\u00a0\u00a0 Podignuta svest\u00a0 dece po pitanju neophodnosti svih vidova energije i prirodnih resursa kao i njihovog o\u010duvanja jer nisu nescrpni (voda, konkretno u mnogim delovima sveta ve\u0107 nedostaje do granica opstanka \u017eivota);<\/p>\r\n<p>-\u00a0\u00a0\u00a0\u00a0\u00a0\u00a0\u00a0\u00a0\u00a0 Povezana deca i na medjunarodnom nivou i medjusobni uticaji shodno razli\u010ditom nivou svesti<\/p>\r\n<p>-\u00a0\u00a0\u00a0\u00a0\u00a0\u00a0\u00a0\u00a0\u00a0 Umre\u017eene \u0161kole i stvoreni odnosi koji im mogu koristiti u nekim novim projektima<\/p>\r\n<p>-\u00a0\u00a0\u00a0\u00a0\u00a0\u00a0\u00a0\u00a0\u00a0 U\u010denje kroz igru i mogu\u0107nost da sva iskustva prenesu i na ku\u0107u jer su kao dobar medijator pogodni za preno\u0161enje ideja i novih<\/p>\r\n<p>-\u00a0\u00a0\u00a0\u00a0\u00a0\u00a0\u00a0\u00a0\u00a0 \u0160kole kao ustanove sti\u010du nova znanja ali i dobijaju\u00a0 didakti\u010dnu opremu za rad (merni uredjaj je primenljiv za rad iz raznih oblasti) a isto tako dobijaju mogu\u0107nost\u00a0 u\u0161tede vode i energije \u0161to \u0107e se dugoro\u010dno odraziti i na same finansije.<\/p>\r\n<p>-\u00a0\u00a0\u00a0\u00a0\u00a0\u00a0\u00a0\u00a0\u00a0 Edukovana deca koja pored dovoljne koli\u010dine informacija o potrebama za vodom i njenoj va\u017enosti imaju i promenjene svakodnevne navike u potro\u0161nji vode<\/p>\r\n<p>-\u00a0\u00a0\u00a0\u00a0\u00a0\u00a0\u00a0\u00a0\u00a0 Aktivirana aplikacija koja je osnov umre\u017eavanja i baze podataka za medjunarodni program<\/p>\r\n<p>-\u00a0\u00a0\u00a0\u00a0\u00a0\u00a0\u00a0\u00a0\u00a0 Kvantitativni podaci dobijeni o\u010ditavanjem uredjaja i analiza podataka koja treba da uka\u017ee na smanjenu potro\u0161nju vode a samim tim i potvrdi promenu svakodnevnih navika.<\/p>\r\n<p>-\u00a0\u00a0\u00a0\u00a0\u00a0\u00a0\u00a0\u00a0\u00a0 Dizajnirana, \u0161tampana i podeljena slikovnica, bed\u017eevi i progla\u0161ena najbolja \u0161kola Vodni agenta, obele\u017eena zastavom<\/p>\r\n<p>-\u00a0\u00a0\u00a0\u00a0\u00a0\u00a0\u00a0\u00a0\u00a0 Objavljene informacije u medijima.<\/p>\r\n<p><strong>U projektu Vodni agent je veliki potencijal medjunarodnog povezivanja i umre\u017eavanja i posebno je perspektivan na nivou medjunarodnog povezivanja dece i mladih. Osnovu predstavljaju\u00a0 aplikacija u koju se unose o\u010ditani podaci sa mernog uredjaja i kojima se veoma jednostavno upravlja. Aplikacija omogu\u0107ava uvid u potro\u0161nju vode, kategorizaciju potro\u0161a\u010da, nema ograni\u010den broj unosa u toku dana i u kalkulaciji pokazuje ra\u0161\u010dlanjenu potro\u0161nju po korisniku.<\/strong><\/p>\r\n<p><strong>\u00a0<\/strong><\/p>\r\n<p>\u00a0<\/p>","_et_gb_content_width":"","_links_to":"","_links_to_target":""},"_links":{"self":[{"href":"https:\/\/vodnaagencija.org\/en\/wp-json\/wp\/v2\/pages\/9906\/"}],"collection":[{"href":"https:\/\/vodnaagencija.org\/en\/wp-json\/wp\/v2\/pages\/"}],"about":[{"href":"https:\/\/vodnaagencija.org\/en\/wp-json\/wp\/v2\/types\/page\/"}],"author":[{"embeddable":true,"href":"https:\/\/vodnaagencija.org\/en\/wp-json\/wp\/v2\/users\/4\/"}],"replies":[{"embeddable":true,"href":"https:\/\/vodnaagencija.org\/en\/wp-json\/wp\/v2\/comments\/?post=9906"}],"version-history":[{"count":5,"href":"https:\/\/vodnaagencija.org\/en\/wp-json\/wp\/v2\/pages\/9906\/revisions\/"}],"predecessor-version":[{"id":10363,"href":"https:\/\/vodnaagencija.org\/en\/wp-json\/wp\/v2\/pages\/9906\/revisions\/10363\/"}],"wp:featuredmedia":[{"embeddable":true,"href":"https:\/\/vodnaagencija.org\/en\/wp-json\/wp\/v2\/media\/2963\/"}],"wp:attachment":[{"href":"https:\/\/vodnaagencija.org\/en\/wp-json\/wp\/v2\/media\/?parent=9906"}],"curies":[{"name":"wp","href":"https:\/\/api.w.org\/{rel}","templated":true}]}}