{"id":905,"date":"2014-09-06T09:00:38","date_gmt":"2014-09-06T07:00:38","guid":{"rendered":"https:\/\/www.vodnaagencija.org\/?page_id=905"},"modified":"2016-04-06T13:38:58","modified_gmt":"2016-04-06T11:38:58","slug":"vodna-agencija","status":"publish","type":"page","link":"https:\/\/vodnaagencija.org\/hr\/vodna-agencija\/","title":{"rendered":"Vodna agencija"},"content":{"rendered":"<p style=\"text-align: center;\"><strong>VODNI AGENT<\/strong><\/p>\n<p style=\"text-align: center;\"><strong>DRU\u0160TVENA ODGOVORNOST PREMA VODI U REGIONU<\/strong><\/p>\n<p style=\"text-align: justify;\">\u00a0 <strong>Temeljna ideja projekta Vodni agent<\/strong> je uspostavljanje me\u0111unarodne suradnje i povezivanje kroz poticanje na promi\u0161ljanje svakodnevnih postupaka i sugeriranje na promjene pona\u0161anja u smjeru racionalnog i savjesnog opho\u0111enja s vodama.<\/p>\n<p style=\"text-align: justify;\">\u00a0 <strong>Nositelj projekta je Dru\u0161tvo Vodna agencija<\/strong>, osnovano je 2013. godine u Republici Sloveniji s ciljem da skrene pozornost javnosti na neophodnost odgovornog odnosa prema vodi u prirodi. Prije svega na neracionalnu potro\u0161nju i sve prate\u0107e pojave od proizvodnje preko distribucije pitke vode do prerade otpadnih voda. <br \/>Jo\u0161 prije zvani\u010dnog formiranja organizacije u \u0161kolama u Republici Sloveniji pokrenute su aktivnosti pra\u0107enja potro\u0161nje pitke vode. Projekt se kroz vrijeme razvijao u cilju doprinosa globalnim aktivnostima za o\u010duvanje vodnih resursa.U toj prvoj fazi mjerenja unapre\u0111ena je aplikacija Vodni agent (na www.vodnaagencija.si) koja pored pra\u0107enja rezultata mjerenja omogu\u0107ava i umre\u017eavanje korisnika kojih sad ima i izvan Republike Slovenije. Ve\u0107 krajem 2013. godine djelovanje organizacije dobilo je regionalni karakter uklju\u010denjem Republike Srbije u aktivnosti. Time nije pro\u0161iren samo teritorij ve\u0107 je ura\u0111en i edukativni pilot projekt koji je dao odli\u010dne rezultate. Sad raspola\u017eemo edukativnim paketom Vodni agent koji je lako dostupan svim zainteresiranim \u0161kolama. <br \/>Tijekom 2014. godine projektu se aktivno priklju\u010dilo i nekoliko \u0161kola iz Republike Hrvatske. <br \/>Projekt smo nazvali jednostavno <strong>Vodni agent<\/strong> (ili Svaka kap vode vrijedi zato treba \u0161tedjeti).<\/p>\n<p style=\"text-align: justify;\"><strong>Kome je namijenjen projekt?<\/strong><\/p>\n<p style=\"text-align: justify;\">\u00a0 Projekt je namijenjen svima. Aktivni sudionici u projektu su djeca \u0161kolskog (III. razred osnovne \u0161kole) uzrasta, koji su kao ciljna skupina veoma prijem\u010divi za suradnju. Edukacijom i osvje\u0161\u0107ivanjem djece stvaramo budu\u0107e odrasle ljude s ve\u0107 formiranom svije\u0161\u0107u o vodi kao prirodnom dobru koje nije neiscrpno a strate\u0161ki je zna\u010dajno i neophodno za opstanak ljudske vrste ali i \u010ditavog planeta. Edukovanjem djece utje\u010demo i na njihovo izravno okru\u017eenje te tako neizravno obrazujemo takore\u0107i \u010ditavu lokalnu zajednicu. Tako\u0111er, lokalne samouprave, uprave gradova kao legitimna tijela vlasti i upravljanja s kojima je neophodno uspostaviti komunikaciju u cilju lak\u0161eg i u\u010dinkovitijeg provo\u0111enja projekta. Poduzetnici i gospodarski subjekti koji \u0107e u potpori projektu videti mogu\u0107nost promoviranja u \u010ditavom regionu.<\/p>\n<p style=\"text-align: justify;\"><strong>Za\u0161to je bitno baviti se temom vode, kad primjerice, za telefonske ra\u010dune izdvajamo mnogo vi\u0161e novca nego za ra\u010dune za vodu i komunalije?<\/strong><\/p>\n<p style=\"text-align: justify;\">\u00a0 Voda je posebno zna\u010dajan resurs neophodan <strong>u svakodnevnom \u017eivotu<\/strong> kroz aspekt pitke i tehni\u010dke vode, <strong>u proizvodnji hrane<\/strong> ali i <strong>prometu, turizmu<\/strong> i va\u017eno je na vrijeme skrenuti pozornost na neophodnost odgovornog opho\u0111enja prema vodi u smislu racionalne potro\u0161nje, smanjenog tj. eliminiranog zaga\u0111enja i savjesnog upravljanja. Nedostatak pitke vode je problem s kojim \u0107e se do 2030. godine suo\u010diti polovica stanovni\u0161tva na Zemlji. Za uporabu je dostupno manje od 1% vode. Prosje\u010dna potro\u0161nja vode u Europi je 150l\/dan, a potro\u0161nja vode je 2 puta br\u017ea od proizvodnje. Rano obrazovanje djece iz podru\u010dja za\u0161tite okoli\u0161a je temelj obrazovanja za odr\u017eivi razvitak.<\/p>\n<p style=\"text-align: justify;\"><strong>\u0160to smo do sada postigli:<\/strong><\/p>\n<ol style=\"text-align: justify;\">\n<li>Primjenom projekta tijekom \u0161kolske 2013\/14 i 2014\/15 u ove tri dr\u017eave u regionu uklju\u010deno je nekoliko desetina osnovnih \u0161kola od mjesta Strunjana na granici Republike Slovenije i Italije do Kru\u0161evca u Republici Srbiji.<\/li>\n<li>Neizravno je uklju\u010deno i informirano nekoliko tisu\u0107a korisnika iz navedenih skupina sudionika (\u0161kole, lokalne samouprave, mediji)<\/li>\n<li>Potro\u0161nja vode je smanjena za 15 do 35% odnosno dovedena do prosjeka od 0,84l po djetetu \/dnevno od \u010dak 3 \u2013 5 l dnevno, naravno ne zapostavljaju\u0107i higijenske navike djece.<\/li>\n<li>Djeca s u\u010diteljima se samostalno uklju\u010duju u projekt i preko aplikacije na www.vodnaagencija.si unose podatke i povezuju s vr\u0161njacima u regionu.<\/li>\n<li>Informiranje javnosti je kroz sve dostupne medije, elektroni\u010dke i tiskane. Pored web stranice postavljena je fb stranica Dru\u0161tvo Vodna Agencija, https:\/\/www.facebook.com\/pages\/Dru\u0161tvo-Vodna-Agencija\/<\/li>\n<li>Projekt je u Republici Srbiji, u AP Vojvodini kroz tri natje\u010daja bio podr\u017ean od resornih tijela uprave, tj. dva resorna pokrajinska tajni\u0161tva u AP Vojvodini.<\/li>\n<\/ol>\n<p style=\"text-align: justify;\"><strong>\u0160to planiramo dalje?<\/strong><\/p>\n<ol style=\"text-align: justify;\">\n<li>Ve\u0107 zapo\u010deto pro\u0161irenje projektnih aktivnosti na ostale dr\u017eave Zapadnog Balkana uklju\u010divanjem novih \u0161kola i koordinatora u aktivnosti.<\/li>\n<li>Postavljanje projekta povezivanjem \u010detiri glavna grada na Dunavu &#8211; 4B (Be\u010d, Bratislava, Budimpe\u0161ta i Beograd)<\/li>\n<li>Pro\u0161irenje aktivnosti na prostoru Dunavske regije koji bi obuhvatio 20 dr\u017eava koje su izravno na Dunavu odnosno u Dunavskom slijevu<\/li>\n<\/ol>\n<p style=\"text-align: justify;\">\u0160irenjem mre\u017ee koordinatora &#8211; Vodnih agenata i umre\u017eavanjem osnovnih \u0161kola stvaramo mogu\u0107nost \u0161irenja informacija i umre\u017eavanja gospodarskih subjekata i poduzetnika koji su spremni dati potporu projektu; upoznavanje s investicijskim potencijalima lokalnih samouprava i pojedina\u010dnim \u0161kolama i njihovim aktivnostima u podru\u010dju za\u0161tite okoli\u0161a i energetske u\u010dinkovitosti.<\/p>\n","protected":false},"excerpt":{"rendered":"<p>VODNI AGENT DRU\u0160TVENA ODGOVORNOST PREMA VODI U REGIONU \u00a0 Temeljna ideja projekta Vodni agent je uspostavljanje me\u0111unarodne suradnje i povezivanje kroz poticanje na promi\u0161ljanje svakodnevnih postupaka i sugeriranje na promjene pona\u0161anja u smjeru racionalnog i savjesnog opho\u0111enja s vodama. \u00a0 Nositelj projekta je Dru\u0161tvo Vodna agencija, osnovano je 2013. godine u Republici Sloveniji s ciljem [&hellip;]<\/p>\n","protected":false},"author":1,"featured_media":0,"parent":0,"menu_order":0,"comment_status":"open","ping_status":"open","template":"","meta":{"_et_pb_use_builder":"","_et_pb_old_content":"","_et_gb_content_width":"","_links_to":"","_links_to_target":""},"_links":{"self":[{"href":"https:\/\/vodnaagencija.org\/hr\/wp-json\/wp\/v2\/pages\/905\/"}],"collection":[{"href":"https:\/\/vodnaagencija.org\/hr\/wp-json\/wp\/v2\/pages\/"}],"about":[{"href":"https:\/\/vodnaagencija.org\/hr\/wp-json\/wp\/v2\/types\/page\/"}],"author":[{"embeddable":true,"href":"https:\/\/vodnaagencija.org\/hr\/wp-json\/wp\/v2\/users\/1\/"}],"replies":[{"embeddable":true,"href":"https:\/\/vodnaagencija.org\/hr\/wp-json\/wp\/v2\/comments\/?post=905"}],"version-history":[{"count":8,"href":"https:\/\/vodnaagencija.org\/hr\/wp-json\/wp\/v2\/pages\/905\/revisions\/"}],"predecessor-version":[{"id":3546,"href":"https:\/\/vodnaagencija.org\/hr\/wp-json\/wp\/v2\/pages\/905\/revisions\/3546\/"}],"wp:attachment":[{"href":"https:\/\/vodnaagencija.org\/hr\/wp-json\/wp\/v2\/media\/?parent=905"}],"curies":[{"name":"wp","href":"https:\/\/api.w.org\/{rel}","templated":true}]}}