{"id":3547,"date":"2016-04-06T13:49:07","date_gmt":"2016-04-06T11:49:07","guid":{"rendered":"https:\/\/www.vodnaagencija.org\/sk\/?page_id=3547"},"modified":"2016-04-06T13:50:21","modified_gmt":"2016-04-06T11:50:21","slug":"vodni-agent","status":"publish","type":"page","link":"https:\/\/vodnaagencija.org\/sk\/vodni-agent\/","title":{"rendered":"Vodn\u00fd Agent"},"content":{"rendered":"<p style=\"text-align: center;\"><strong>VODN\u00dd AGENT<\/strong><\/p>\n<p style=\"text-align: center;\"><strong>Spolo\u010densk\u00e1 zodpovednos\u0165 vo\u010di vode v\u00a0regi\u00f3ne<\/strong><\/p>\n<p style=\"text-align: justify;\"><strong>\u00a0Z\u00e1kladnou my\u0161lienkou projektu Vodn\u00fd agent<\/strong> je vytvorenie medzin\u00e1rodnej spolupr\u00e1ce a prepojenia prostredn\u00edctvom podnetov k zamysleniu sa nad ka\u017edodenn\u00fdmi postupy a n\u00e1vrhov k zmene spr\u00e1vania sa v smere k racion\u00e1lnemu a svedomit\u00e9mu zaobch\u00e1dzaniu s vodou.<\/p>\n<p style=\"text-align: justify;\">\u00a0 <strong>Nosite\u013eom projektu je organiz\u00e1cia Vodn\u00e1 agent\u00fara<\/strong>, zalo\u017een\u00e1 v roku 2013 v Slovinsku s cie\u013eom upozorni\u0165 na potrebu nevyhnutnosti zodpovedn\u00e9ho pr\u00edstupu k vode v pr\u00edrode, predov\u0161etk\u00fdm na neracion\u00e1lne vyu\u017e\u00edvanie vody a v\u0161etky \u010fal\u0161ie javy, od v\u00fdroby cez distrib\u00faciu pitnej vody a\u017e po \u010distenie odpadov\u00fdch v\u00f4d.<br \/>U\u017e pred ofici\u00e1lnym zalo\u017een\u00edm organiz\u00e1cie v \u0161kol\u00e1ch v Slovinskej republike sa organizovali aktivity na monitorovanie spotreby pitnej vody. Projekt sa v priebehu \u010dasu rozv\u00edjal s cie\u013eom prispie\u0165 glob\u00e1lnymi aktivitami k ochrane vodn\u00fdch zdrojov. V tejto prvej f\u00e1ze sa vyv\u00edjala aplik\u00e1cia Vodn\u00fd agent www.vodnaagencija.org ktor\u00e1 okrem sledovania v\u00fdsledkov merania umo\u017e\u0148uje vytv\u00e1ra\u0165 aj sie\u0165 medzi \u00fa\u010dastn\u00edkmi aj mimo \u00fazemia Slovinskej republiky. U\u017e koncom roku 2013 z\u00edskala \u010dinnos\u0165 organiz\u00e1cie region\u00e1lny charakter pri\u010dlenen\u00edm Republiky Srbsko k aktivit\u00e1m. T\u00fdm sa nielen roz\u0161\u00edrilo \u00fazemie, ale bol vytvoren\u00fd aj pilotn\u00fd vzdel\u00e1vac\u00ed projekt, ktor\u00fd priniesol vynikaj\u00face v\u00fdsledky. Teraz m\u00e1me k dispoz\u00edcii vzdel\u00e1vac\u00ed bal\u00ed\u010dek Vodn\u00fd agent, ktor\u00fd je \u013eahko pr\u00edstupn\u00fd v\u0161etk\u00fdm z\u00fa\u010dastnen\u00fdm \u0161kol\u00e1m.<\/p>\n<p style=\"text-align: justify;\">\u00a0 Projekt sa vol\u00e1 jednoducho <strong>Vodn\u00fd agent<\/strong> (alebo Ka\u017ed\u00e1 kvapka vody stoj\u00ed zato, aby sa \u0161etrila).<\/p>\n<p style=\"text-align: justify;\"><strong>Komu je projekt ur\u010den\u00fd?<\/strong><\/p>\n<p style=\"text-align: justify;\">\u00a0 <strong>Projekt sa zameriava na ka\u017ed\u00e9ho<\/strong>. Akt\u00edvnymi \u00fa\u010dastn\u00edkmi projektu s\u00fa deti pred\u0161kolsk\u00e9ho a \u0161kolsk\u00e9ho veku (deti III. ro\u010dn\u00edka z\u00e1kladnej \u0161koly), ktor\u00e9 s\u00fa ve\u013emi vn\u00edmavou cie\u013eovou skupinou pri spolupr\u00e1ci. Vzdel\u00e1van\u00edm a preb\u00fadzan\u00edm det\u00ed formujeme bud\u00face gener\u00e1cie dospel\u00fdch s vyformovan\u00fdm povedom\u00edm o vode ako pr\u00edrodnom bohatstve, ktor\u00e9 nie je nevy\u010derpate\u013en\u00e9 a strategicky je d\u00f4le\u017eit\u00e9 a potrebn\u00e9 pre pre\u017eitie nielen \u010dloveka, ale aj celej plan\u00e9ty. V\u00fdchovou det\u00ed vpl\u00fdvame i na ich bezprostredn\u00e9 okolie, a tak nepriamo vzdel\u00e1vame prakticky cel\u00fa miestnu komunitu. Tie\u017e t\u00fdm oslovujeme aj lok\u00e1lne samospr\u00e1vy, spr\u00e1vy miest ako opr\u00e1vnen\u00e9 org\u00e1ny \u0161t\u00e1tu a spr\u00e1vy, preto\u017ee je s nimi nevyhnutn\u00e9 za\u010da\u0165 komunikova\u0165 s cie\u013eom \u013eah\u0161ej a efekt\u00edvnej\u0161ej realiz\u00e1cie projektu. Podnikatelia a hospod\u00e1rske subjekty, ktor\u00ed sa rozhodn\u00fa podporova\u0165 projekt, m\u00f4\u017eu v tomto vidie\u0165 mo\u017enos\u0165 vlastnej propag\u00e1cie v celom regi\u00f3ne.<\/p>\n<p style=\"text-align: justify;\">\u00a0\u00a0<strong>Pre\u010do je d\u00f4le\u017eit\u00e9 zaobera\u0165 sa t\u00e9mou voda, hoci napr\u00edklad za telef\u00f3nne \u00fa\u010dty plat\u00edme ove\u013ea viac ako za \u00fa\u010dty za vodu a odpadov\u00e9 vody?<\/strong><\/p>\n<p style=\"text-align: justify;\">Voda je obzvl\u00e1\u0161\u0165 d\u00f4le\u017eit\u00fdm zdrojom potrebn\u00fdm <strong>v ka\u017edodennom \u017eivote<\/strong> jednak ako <strong>pitn\u00e1 voda<\/strong>, jednak ako voda \u00fa\u017eitkov\u00e1, \u010falej <strong>pri v\u00fdrobe potrav\u00edn<\/strong>, ale i v <strong>doprave<\/strong> a <strong>turizme<\/strong>. D\u00f4le\u017eit\u00e9 je v\u010das venova\u0165 pozornos\u0165 nevyhnutnej zodpovednosti pri zaobch\u00e1dzan\u00ed s vodou v zmysle jej racion\u00e1lnej spotreby, zn\u00ed\u017eenia, teda eliminovania zne\u010distenia a svedomit\u00e9ho hospod\u00e1renia s vodou. Nedostatok pitnej vody je probl\u00e9m, ktor\u00e9mu bude \u010deli\u0165 do roku 2030 polovica obyvate\u013estva Zeme. Na spotrebu je k dispoz\u00edcii menej ako 1 % v\u0161etk\u00fdch v\u00f4d. Priemern\u00e1 spotreba vody v Eur\u00f3pe je 150 litrov\/de\u0148, pri\u010dom spotreba vody je 2-kr\u00e1t r\u00fdchlej\u0161ia ako jej v\u00fdroba. V\u010dasn\u00e9 vzdel\u00e1vanie det\u00ed v oblasti ochrany \u017eivotn\u00e9ho prostredia je z\u00e1kladom udr\u017eate\u013en\u00e9ho rozvoja.<\/p>\n<p style=\"text-align: justify;\"><strong>\u00a0 \u010co sme doposia\u013e dosiahli?<\/strong><\/p>\n<ol style=\"text-align: justify;\">\n<li>Uplat\u0148ovan\u00edm tohto projektu v priebehu \u0161kolsk\u00e9ho roka 2013\/14 a 2014\/15 sa v troch krajin\u00e1ch regi\u00f3nu do\u0148ho zapojilo nieko\u013eko desiatok z\u00e1kladn\u00fdch \u0161k\u00f4l od mesta Strunjan na hranici Slovinskej republiky a Talianska po Kru\u0161evac v Srbsku.<\/li>\n<li>Nepriamo je zakomponovan\u00fdch a informovan\u00fdch nieko\u013eko tis\u00edc \u00fa\u010dastn\u00edkov z uveden\u00fdch z\u00fa\u010dastnen\u00fdch skup\u00edn (\u0161koly, lok\u00e1lne samospr\u00e1vy, m\u00e9di\u00e1).<\/li>\n<li>Spotreba vody sa zn\u00ed\u017eila o 15 a\u017e 35 % , v priemere o 0,84 l\/die\u0165a\/de\u0148 (p\u00f4vodn\u00e1 spotreba vody bola 3 &#8211; 5 l\/die\u0165a\/de\u0148). Spotreba sa, samozrejme, nezn\u00ed\u017eila na \u00fakor hygieny.<\/li>\n<li>D<span style=\"line-height: 1.5;\">eti s u\u010dite\u013emi sa nez\u00e1visle zap\u00e1jaj\u00fa do projektu aj cez aplik\u00e1ciu na webovej str\u00e1nke www.vodnaagencija.org kde zad\u00e1vaj\u00fa zisten\u00e9 d\u00e1ta a nadv\u00e4zuj\u00fa kontakty so svojimi rovesn\u00edkmi v regi\u00f3ne.<\/span><\/li>\n<li>Informovanie verejnosti prostredn\u00edctvom v\u0161etk\u00fdch dostupn\u00fdch m\u00e9di\u00ed, elektronick\u00fdch i tla\u010dov\u00fdch. Okrem webovej str\u00e1nky k dispoz\u00edcii je aj facebookov\u00e1 str\u00e1nka organiz\u00e1cie Vodn\u00e1 agent\u00fara www.facebook.com\/Vodna-Agencija-1656385401243704\/<\/li>\n<li>Projekt bol v Srbskej republike, vo Vojvodine, podporen\u00fd v troch konkurzoch pr\u00edslu\u0161n\u00fdch spr\u00e1vnych org\u00e1nov, t.j. v dvoch rezortoch pr\u00edslu\u0161n\u00fdch spr\u00e1vnych sekretari\u00e1tov auton\u00f3mnej oblasti Vojvodina.<\/li>\n<li>V jeseni 2015 sme organizovali v Slovinsku I. medzin\u00e1rodn\u00fa konferenciu koordin\u00e1torov.<\/li>\n<li>V spolupr\u00e1ci s Ekolistom sme za\u010dali vyd\u00e1va\u0165 a distribuova\u0165 bulletin Vodn\u00fd agent pre cel\u00fa oblas\u0165, kde sa uskuto\u010d\u0148uje projekt.<\/li>\n<\/ol>\n<p style=\"text-align: justify;\"><strong>V \u010dom m\u00e1me v pl\u00e1ne pokra\u010dova\u0165?<\/strong><\/p>\n<ol style=\"text-align: justify;\">\n<li>U\u017e za\u010dat\u00e9 roz\u0161irovanie projektov\u00fdch aktiv\u00edt do ostatn\u00fdch kraj\u00edn z\u00e1padn\u00e9ho Balk\u00e1nu zap\u00e1jan\u00edm nov\u00fdch \u0161k\u00f4l a koordin\u00e1torov do \u010dinnosti.<\/li>\n<li>Nadstavba projektu prepojen\u00edm \u0161tyroch hlavn\u00fdch miest na Dunaji &#8211; Viede\u0148, Bratislava, Budape\u0161\u0165 a Belehrad<\/li>\n<li>Roz\u0161\u00edrenie \u010dinnosti v oblasti Podunajska, ktor\u00e1 by zah\u0155\u0148ala 20 kraj\u00edn priamo na Dunaji a na povod\u00ed Dunaja, ktor\u00e9 je ob\u00fdvan\u00e9 115 mili\u00f3nmi obyvate\u013eov.<\/li>\n<\/ol>\n<p style=\"text-align: justify;\"><strong>Roz\u0161irovan\u00edm siete koordin\u00e1torov &#8211; vodn\u00fdch agentov a zap\u00e1jan\u00edm z\u00e1kladn\u00fdch \u0161k\u00f4l vytv\u00e1rame mo\u017enosti \u0161\u00edrenia inform\u00e1ci\u00ed. Vytv\u00e1rame aj sie\u0165 hospod\u00e1rskych a podnikate\u013esk\u00fdch subjektov, ktor\u00ed s\u00fa ochotn\u00ed podpori\u0165 projekt. Na\u0161im cie\u013eom je aj oboznamovanie jednotliv\u00fdch \u0161k\u00f4l s investi\u010dn\u00fdmi potenci\u00e1lmi lok\u00e1lnych samospr\u00e1v, ktor\u00e9 m\u00f4\u017eu napom\u00e1ha\u0165 pri ich aktivit\u00e1ch v oblasti ochrany \u017eivotn\u00e9ho prostredia a energetickej \u00fa\u010dinnosti.<\/strong><\/p>\n","protected":false},"excerpt":{"rendered":"<p>VODN\u00dd AGENT Spolo\u010densk\u00e1 zodpovednos\u0165 vo\u010di vode v\u00a0regi\u00f3ne \u00a0Z\u00e1kladnou my\u0161lienkou projektu Vodn\u00fd agent je vytvorenie medzin\u00e1rodnej spolupr\u00e1ce a prepojenia prostredn\u00edctvom podnetov k zamysleniu sa nad ka\u017edodenn\u00fdmi postupy a n\u00e1vrhov k zmene spr\u00e1vania sa v smere k racion\u00e1lnemu a svedomit\u00e9mu zaobch\u00e1dzaniu s vodou. \u00a0 Nosite\u013eom projektu je organiz\u00e1cia Vodn\u00e1 agent\u00fara, zalo\u017een\u00e1 v roku 2013 v Slovinsku s [&hellip;]<\/p>\n","protected":false},"author":4,"featured_media":0,"parent":0,"menu_order":0,"comment_status":"open","ping_status":"open","template":"","meta":{"_et_pb_use_builder":"","_et_pb_old_content":"","_et_gb_content_width":"","_links_to":"","_links_to_target":""},"_links":{"self":[{"href":"https:\/\/vodnaagencija.org\/sk\/wp-json\/wp\/v2\/pages\/3547\/"}],"collection":[{"href":"https:\/\/vodnaagencija.org\/sk\/wp-json\/wp\/v2\/pages\/"}],"about":[{"href":"https:\/\/vodnaagencija.org\/sk\/wp-json\/wp\/v2\/types\/page\/"}],"author":[{"embeddable":true,"href":"https:\/\/vodnaagencija.org\/sk\/wp-json\/wp\/v2\/users\/4\/"}],"replies":[{"embeddable":true,"href":"https:\/\/vodnaagencija.org\/sk\/wp-json\/wp\/v2\/comments\/?post=3547"}],"version-history":[{"count":3,"href":"https:\/\/vodnaagencija.org\/sk\/wp-json\/wp\/v2\/pages\/3547\/revisions\/"}],"predecessor-version":[{"id":3550,"href":"https:\/\/vodnaagencija.org\/sk\/wp-json\/wp\/v2\/pages\/3547\/revisions\/3550\/"}],"wp:attachment":[{"href":"https:\/\/vodnaagencija.org\/sk\/wp-json\/wp\/v2\/media\/?parent=3547"}],"curies":[{"name":"wp","href":"https:\/\/api.w.org\/{rel}","templated":true}]}}