{"id":948,"date":"2014-09-11T15:20:40","date_gmt":"2014-09-11T13:20:40","guid":{"rendered":"https:\/\/www.vodnaagencija.org\/?page_id=948"},"modified":"2016-04-08T09:33:13","modified_gmt":"2016-04-08T07:33:13","slug":"vodna-agencija-3","status":"publish","type":"page","link":"https:\/\/vodnaagencija.org\/sr\/vodna-agencija-3\/","title":{"rendered":"Vodna agencija"},"content":{"rendered":"<p style=\"text-align: center;\"><strong>VODNI AGENT <\/strong><\/p>\n<p style=\"text-align: center;\"><strong>DRU\u0160TVENA ODGOVORNOST PREMA VODI U REGIONU<\/strong><\/p>\n<p style=\"text-align: justify;\"><strong>Osnovna ideja projekta Vodni agent<\/strong> je<strong>\u00a0 <\/strong>uspostavljanje medjunarodne saradnje i povezivanje\u00a0 kroz podsticanje na promi\u0161ljanje svakodnevnih postupaka i sugerisanje na promene pona\u0161anja u pravcu racionalnog i savesnog ophodjenja\u00a0 sa\u00a0 vodama.<\/p>\n<p style=\"text-align: justify;\"><strong>Nosilac projekta je \u00a0Vodna agencija<\/strong>, \u00a0osnovano je 2013. godine u Sloveniji sa ciljem da skrene pa\u017enju javnosti na neophodnost odgovornog odnosa prema vodi u prirodi. Pre svega na neracionalnu potro\u0161nju i sve prate\u0107e pojave od proizvodnje preko distribucije pija\u0107e vode do prerade otpadnih voda.<\/p>\n<p style=\"text-align: justify;\">Jo\u0161 pre zvani\u010dnog formiranja organizacije u \u0161kolama u Sloveniji pokrenute su aktivnosti pra\u0107enja potro\u0161nje pija\u0107e vode. Projekat se kroz vreme razvijao u cilju doprinosa globalnim aktivnostima za o\u010duvanje vodnih resursa.U toj prvoj fazi merenja unapredjena je aplikacija Vodni agent (na <a href=\"https:\/\/vodnaagencija.org\/\">www.vodnaagencija.org<\/a> ) \u00a0koja pored pra\u0107enja rezultata merenja umogu\u0107ava i umre\u017eavanje korisnika kojih sad ima i izvan Slovenije. Ve\u0107 krajem 2013. godine delovanje organizacije dobilo je regionalni karakter uklju\u010denjem Srbije u aktivnosti. Time nije pro\u0161irena samo teritorija ve\u0107 je \u00a0uradjen i edukativni pilot projekat koji je dao odli\u010dne rezultate. Sad raspola\u017eemo edukativnim paketom Vodni agent koji je lako dostupan svim zainteresovanim \u0161kolama.<\/p>\n<p style=\"text-align: justify;\">Tokom 2014. godine aktivno se projektu priklju\u010dilo i nekoliko \u0161kola iz Hrvatske, a od 2015. godine i BIH. U Slova\u010dkoj i Albaniji se sprovode pripreme za po\u010detak projekta.<\/p>\n<p style=\"text-align: justify;\">Projekat smo nazvali jednostavno <strong>Vodni agent<\/strong> (ili Svaka kap vode vredi zato treba da se \u0161tedi).<\/p>\n<p style=\"text-align: justify;\"><strong>Kome je namenjen projekat?<\/strong><\/p>\n<p style=\"text-align: justify;\"><strong>Projekat je namenjen svima.<\/strong> Aktivni u\u010desnici u projektu su deca \u0161kolskog (III razred osnovne \u0161kole) uzrasta, koji su kao ciljna grupa veoma prijem\u010divi za saradnju. Edukacijom i osve\u0161\u0107ivanjem dece stvaramo budu\u0107e odrasle ljude sa ve\u0107 formiranom sve\u0161\u0107u o vodi kao prirodnom dobru koje nije neiscrpno a strate\u0161ki je zna\u010dajno i neophodno za opstanak ljudske vrste ali i \u010ditave planete. Edukovanjem dece uti\u010demo i na njihovo neposredno okru\u017eenje\u2002te tako indirektno obrazujemo takore\u0107i \u010ditavu lokalnu zajednicu. Takodje, lokalne samouprave, uprave gradova kao legitimni organi vlasti i upravljanja sa kojima je neophodno uspostaviti komunikaciju u cilju lak\u0161eg i efikasnijeg sprovodjenja projekta. Preduzetnici i privredni subjekti koji \u0107e u podr\u0161ci projektu videti mogu\u0107nost promovisanja u \u010ditavom regionu.<\/p>\n<p style=\"text-align: justify;\"><strong>Za\u0161to je bitno baviti se temom vode , kad na primer, za telefonke ra\u010dune izdvajamo mnogo vi\u0161e novca nego za ra\u010dune za vodu i komunalije?<\/strong><\/p>\n<p style=\"text-align: justify;\">Voda je posebno zna\u010dajan resurs neophodan <strong>u svakodnevnom \u017eivotu<\/strong> kroz aspekt pija\u0107e i tehni\u010dke vode, <strong>u proizvodnji hrane<\/strong> ali i <strong>saobra\u0107aju<\/strong>, <strong>turizmu<\/strong> i va\u017eno je na vreme skrenuti pa\u017enju na neophodnost odgovornog ophodjenja prema vodi u smislu racionalne potro\u0161nje, smanjenog tj. eliminisanog zagadjenja i savesnog upravljanja. Nedostatak pija\u0107e vode je problem sa kojim \u0107e se do 2030. godine suo\u010diti polovina stanovni\u0161tva na Zemlji.\u00a0 Za upotrebu je dostupno manje od 1% vode. Prose\u010dna potro\u0161nja vode u Evropi je 150l\/dan, a potro\u0161nja vode je 2 puta br\u017ea od proizvodnje. Rano obrazovanje dece iz oblasti za\u0161tite \u017eivotne sredine je temelj obrazovanja za odr\u017eivi razvoj.<\/p>\n<p><strong>\u0160ta smo do sad postigli: <\/strong><\/p>\n<ol>\n<li style=\"text-align: justify;\">Primenom projekta tokom tri \u0161kolske godine u 4 dr\u017eave u regionu uklju\u010deno je nekoliko desetina osnovnih \u0161kola \u00a0od mesta Strunjana na granici Slovenije i Italije do Kru\u0161evca u Srbiji, preko Koprivnice u Hrvatskoj i Bijeljine u BIH.<\/li>\n<li style=\"text-align: justify;\">Indirektno je uklju\u010deno i informisano nekoliko hiljada korisnika iz navedenih grupa u\u010desnika (\u0161kole, lokalne samouprave, mediji)\u00a0\u00a0\u00a0\u00a0\u00a0<\/li>\n<li style=\"text-align: justify;\">Potro\u0161nja vode je smanjena za 15 do 35%\u00a0 u odnosu na potro\u0161nju pre sprovodjenja projekta.<\/li>\n<li style=\"text-align: justify;\">Deca sa u\u010diteljima se samostalno uklju\u010duju u projekat i preko aplikacije na <a href=\"https:\/\/vodnaagencija.org\/\">www.vodnaagencija.org<\/a> \u00a0\u00a0\u00a0unose podatke i povezuju sa vr\u0161njacima u regionu.<\/li>\n<li style=\"text-align: justify;\">Informisanje javnosti je kroz sve dostupne medije, elektronske i \u0161tampane. Pored web strane postavljena je fb stranica Vodna Agencija, https:\/\/www.facebook.com\/Vodna-Agencija-1656385401243704\/?ref=bookmarks<\/li>\n<li style=\"text-align: justify;\">Projekat je u Srbiji, \u00a0u AP Vojvodini kroz 4 konkursa bio podr\u017ean od resornih organa uprave, tj.\u00a0 dva resorna Pokrajinska sekretarijata u AP Vojvodini.<\/li>\n<li style=\"text-align: justify;\">U oktobru 2015. godine organizovali smo I medjunarodnu konferenciju koordinatora Vodni agent, u Celju. Prisustvovalo je 48 u\u010desnika, i izlo\u017eeno je 13 referata.<\/li>\n<li style=\"text-align: justify;\">Od marta 2016. god. u saradnji sa \u010dasopisom Ekolist \u0161tampamo Bilten The Water agent koji \u0107e izlaziti 6 puta godi\u0161nje.<\/li>\n<\/ol>\n<p><strong>\u0160ta planiramo dalje?<\/strong><\/p>\n<ol>\n<li>Ve\u0107 zapo\u010deto pro\u0161irenje projektnih aktivnosti na ostale dr\u017eave Zapadnog Balkana uklju\u010divanjem novih \u0161kola i koordinatora u aktivnosti.<\/li>\n<li>Postavljanje projekta povezivanjem 4 glavna grada na Dunavu\u00a0 &#8211; 4B (Be\u010d, Bratislava, Budimpe\u0161ta i Beograd)<\/li>\n<li>Pro\u0161irenje aktivnosti na prostoru Dunavske regije koji bi obuhvatio 20 dr\u017eava koje su direktno na Dunavu odnosno u Dunavskom slivu<\/li>\n<\/ol>\n<p style=\"text-align: justify;\">\u0160irenjem mre\u017ee koordinatora\u00a0 &#8211; Vodnih agenata i umre\u017eavanjem osnovnih \u0161kola stvaramo mogu\u0107nost \u0161irenja informacija i umre\u017eavanja privrednih subjekata i preduzetnika koji su spremni dati podr\u0161ku projektu; upoznavanje sa investicionim potencijalima lokalnih samouprava i pojedina\u010dnim \u0161kolama i njihovim aktivnostima u oblasti za\u0161tite \u017eivotne sredine i energetske efikasnosti.<\/p>\n","protected":false},"excerpt":{"rendered":"<p>VODNI AGENT DRU\u0160TVENA ODGOVORNOST PREMA VODI U REGIONU Osnovna ideja projekta Vodni agent je\u00a0 uspostavljanje medjunarodne saradnje i povezivanje\u00a0 kroz podsticanje na promi\u0161ljanje svakodnevnih postupaka i sugerisanje na promene pona\u0161anja u pravcu racionalnog i savesnog ophodjenja\u00a0 sa\u00a0 vodama. Nosilac projekta je \u00a0Vodna agencija, \u00a0osnovano je 2013. godine u Sloveniji sa ciljem da skrene pa\u017enju javnosti [&hellip;]<\/p>\n","protected":false},"author":4,"featured_media":0,"parent":0,"menu_order":0,"comment_status":"open","ping_status":"open","template":"","meta":{"_et_pb_use_builder":"","_et_pb_old_content":"","_et_gb_content_width":"","_links_to":"","_links_to_target":""},"_links":{"self":[{"href":"https:\/\/vodnaagencija.org\/sr\/wp-json\/wp\/v2\/pages\/948\/"}],"collection":[{"href":"https:\/\/vodnaagencija.org\/sr\/wp-json\/wp\/v2\/pages\/"}],"about":[{"href":"https:\/\/vodnaagencija.org\/sr\/wp-json\/wp\/v2\/types\/page\/"}],"author":[{"embeddable":true,"href":"https:\/\/vodnaagencija.org\/sr\/wp-json\/wp\/v2\/users\/4\/"}],"replies":[{"embeddable":true,"href":"https:\/\/vodnaagencija.org\/sr\/wp-json\/wp\/v2\/comments\/?post=948"}],"version-history":[{"count":3,"href":"https:\/\/vodnaagencija.org\/sr\/wp-json\/wp\/v2\/pages\/948\/revisions\/"}],"predecessor-version":[{"id":3639,"href":"https:\/\/vodnaagencija.org\/sr\/wp-json\/wp\/v2\/pages\/948\/revisions\/3639\/"}],"wp:attachment":[{"href":"https:\/\/vodnaagencija.org\/sr\/wp-json\/wp\/v2\/media\/?parent=948"}],"curies":[{"name":"wp","href":"https:\/\/api.w.org\/{rel}","templated":true}]}}